{"id":1066,"date":"2024-03-13T18:36:18","date_gmt":"2024-03-13T17:36:18","guid":{"rendered":"http:\/\/inbonis.com\/inicio\/"},"modified":"2025-10-17T10:01:31","modified_gmt":"2025-10-17T08:01:31","slug":"inicio","status":"publish","type":"page","link":"https:\/\/inbonis.com\/es\/","title":{"rendered":"Inicio"},"content":{"rendered":"","protected":false},"excerpt":{"rendered":"","protected":false},"author":1,"featured_media":0,"parent":0,"menu_order":0,"comment_status":"closed","ping_status":"closed","template":"","meta":{"_acf_changed":false,"inline_featured_image":false,"footnotes":""},"class_list":["post-1066","page","type-page","status-publish","hentry"],"acf":[],"yoast_head":"<!-- This site is optimized with the Yoast SEO Premium plugin v27.0 (Yoast SEO v27.0) - https:\/\/yoast.com\/product\/yoast-seo-premium-wordpress\/ -->\n<title>Inicio - La agencia de rating de cr\u00e9dito para pymes<\/title>\n<meta name=\"description\" content=\"Inbonis es una agencia europea de rating para pymes. Ofrece calificaci\u00f3n de cr\u00e9dito objetiva e independiente para dar acceso a financiaci\u00f3n.\" \/>\n<meta name=\"robots\" content=\"index, follow, max-snippet:-1, max-image-preview:large, max-video-preview:-1\" \/>\n<link rel=\"canonical\" href=\"https:\/\/inbonis.com\/es\/\" \/>\n<meta property=\"og:locale\" content=\"es_ES\" \/>\n<meta property=\"og:type\" content=\"article\" \/>\n<meta property=\"og:title\" content=\"Inicio\" \/>\n<meta property=\"og:description\" content=\"Inbonis es una agencia europea de rating para pymes. Ofrece calificaci\u00f3n de cr\u00e9dito objetiva e independiente para dar acceso a financiaci\u00f3n.\" \/>\n<meta property=\"og:url\" content=\"https:\/\/inbonis.com\/es\/\" \/>\n<meta property=\"og:site_name\" content=\"INBONIS RATING | The Credit Rating Agency for SME\" \/>\n<meta property=\"article:modified_time\" content=\"2025-10-17T08:01:31+00:00\" \/>\n<meta property=\"og:image\" content=\"https:\/\/inbonis.com\/wp-content\/uploads\/2025\/01\/INBONIS-RATING_LOGO_Square_AZUL.png\" \/>\n\t<meta property=\"og:image:width\" content=\"1080\" \/>\n\t<meta property=\"og:image:height\" content=\"1080\" \/>\n\t<meta property=\"og:image:type\" content=\"image\/png\" \/>\n<meta name=\"twitter:card\" content=\"summary_large_image\" \/>\n<meta name=\"twitter:site\" content=\"@inbonis_rating\" \/>\n<script type=\"application\/ld+json\" class=\"yoast-schema-graph\">{\"@context\":\"https:\/\/schema.org\",\"@graph\":[{\"@type\":\"WebPage\",\"@id\":\"https:\/\/inbonis.com\/es\/\",\"url\":\"https:\/\/inbonis.com\/es\/\",\"name\":\"Inicio - La agencia de rating de cr\u00e9dito para pymes\",\"isPartOf\":{\"@id\":\"https:\/\/inbonis.com\/es\/#website\"},\"datePublished\":\"2024-03-13T17:36:18+00:00\",\"dateModified\":\"2025-10-17T08:01:31+00:00\",\"description\":\"Inbonis es una agencia europea de rating para pymes. Ofrece calificaci\u00f3n de cr\u00e9dito objetiva e independiente para dar acceso a financiaci\u00f3n.\",\"breadcrumb\":{\"@id\":\"https:\/\/inbonis.com\/es\/#breadcrumb\"},\"inLanguage\":\"es-ES\",\"potentialAction\":[{\"@type\":\"ReadAction\",\"target\":[\"https:\/\/inbonis.com\/es\/\"]}]},{\"@type\":\"BreadcrumbList\",\"@id\":\"https:\/\/inbonis.com\/es\/#breadcrumb\",\"itemListElement\":[{\"@type\":\"ListItem\",\"position\":1,\"name\":\"Home\",\"item\":\"https:\/\/inbonis.com\/es\/\"},{\"@type\":\"ListItem\",\"position\":2,\"name\":\"Inicio\"}]},{\"@type\":\"WebSite\",\"@id\":\"https:\/\/inbonis.com\/es\/#website\",\"url\":\"https:\/\/inbonis.com\/es\/\",\"name\":\"INBONIS RATING | The Credit Rating Agency for SME\",\"description\":\"\",\"publisher\":{\"@id\":\"https:\/\/inbonis.com\/es\/#organization\"},\"potentialAction\":[{\"@type\":\"SearchAction\",\"target\":{\"@type\":\"EntryPoint\",\"urlTemplate\":\"https:\/\/inbonis.com\/es\/?s={search_term_string}\"},\"query-input\":{\"@type\":\"PropertyValueSpecification\",\"valueRequired\":true,\"valueName\":\"search_term_string\"}}],\"inLanguage\":\"es-ES\"},{\"@type\":\"Organization\",\"@id\":\"https:\/\/inbonis.com\/es\/#organization\",\"name\":\"INBONIS RATING | The Credit Rating Agency for SME\",\"url\":\"https:\/\/inbonis.com\/es\/\",\"logo\":{\"@type\":\"ImageObject\",\"inLanguage\":\"es-ES\",\"@id\":\"https:\/\/inbonis.com\/es\/#\/schema\/logo\/image\/\",\"url\":\"https:\/\/inbonis.com\/wp-content\/uploads\/2025\/01\/INBONIS-RATING_LOGO_Square_AZUL.png\",\"contentUrl\":\"https:\/\/inbonis.com\/wp-content\/uploads\/2025\/01\/INBONIS-RATING_LOGO_Square_AZUL.png\",\"width\":1080,\"height\":1080,\"caption\":\"INBONIS RATING | The Credit Rating Agency for SME\"},\"image\":{\"@id\":\"https:\/\/inbonis.com\/es\/#\/schema\/logo\/image\/\"},\"sameAs\":[\"https:\/\/x.com\/inbonis_rating\",\"https:\/\/www.linkedin.com\/company\/inbonis\",\"https:\/\/www.youtube.com\/@InbonisRating\"]}]}<\/script>\n<!-- \/ Yoast SEO Premium plugin. -->","yoast_head_json":{"title":"Inicio - La agencia de rating de cr\u00e9dito para pymes","description":"Inbonis es una agencia europea de rating para pymes. Ofrece calificaci\u00f3n de cr\u00e9dito objetiva e independiente para dar acceso a financiaci\u00f3n.","robots":{"index":"index","follow":"follow","max-snippet":"max-snippet:-1","max-image-preview":"max-image-preview:large","max-video-preview":"max-video-preview:-1"},"canonical":"https:\/\/inbonis.com\/es\/","og_locale":"es_ES","og_type":"article","og_title":"Inicio","og_description":"Inbonis es una agencia europea de rating para pymes. Ofrece calificaci\u00f3n de cr\u00e9dito objetiva e independiente para dar acceso a financiaci\u00f3n.","og_url":"https:\/\/inbonis.com\/es\/","og_site_name":"INBONIS RATING | The Credit Rating Agency for SME","article_modified_time":"2025-10-17T08:01:31+00:00","og_image":[{"width":1080,"height":1080,"url":"https:\/\/inbonis.com\/wp-content\/uploads\/2025\/01\/INBONIS-RATING_LOGO_Square_AZUL.png","type":"image\/png"}],"twitter_card":"summary_large_image","twitter_site":"@inbonis_rating","schema":{"@context":"https:\/\/schema.org","@graph":[{"@type":"WebPage","@id":"https:\/\/inbonis.com\/es\/","url":"https:\/\/inbonis.com\/es\/","name":"Inicio - La agencia de rating de cr\u00e9dito para pymes","isPartOf":{"@id":"https:\/\/inbonis.com\/es\/#website"},"datePublished":"2024-03-13T17:36:18+00:00","dateModified":"2025-10-17T08:01:31+00:00","description":"Inbonis es una agencia europea de rating para pymes. Ofrece calificaci\u00f3n de cr\u00e9dito objetiva e independiente para dar acceso a financiaci\u00f3n.","breadcrumb":{"@id":"https:\/\/inbonis.com\/es\/#breadcrumb"},"inLanguage":"es-ES","potentialAction":[{"@type":"ReadAction","target":["https:\/\/inbonis.com\/es\/"]}]},{"@type":"BreadcrumbList","@id":"https:\/\/inbonis.com\/es\/#breadcrumb","itemListElement":[{"@type":"ListItem","position":1,"name":"Home","item":"https:\/\/inbonis.com\/es\/"},{"@type":"ListItem","position":2,"name":"Inicio"}]},{"@type":"WebSite","@id":"https:\/\/inbonis.com\/es\/#website","url":"https:\/\/inbonis.com\/es\/","name":"INBONIS RATING | The Credit Rating Agency for SME","description":"","publisher":{"@id":"https:\/\/inbonis.com\/es\/#organization"},"potentialAction":[{"@type":"SearchAction","target":{"@type":"EntryPoint","urlTemplate":"https:\/\/inbonis.com\/es\/?s={search_term_string}"},"query-input":{"@type":"PropertyValueSpecification","valueRequired":true,"valueName":"search_term_string"}}],"inLanguage":"es-ES"},{"@type":"Organization","@id":"https:\/\/inbonis.com\/es\/#organization","name":"INBONIS RATING | The Credit Rating Agency for SME","url":"https:\/\/inbonis.com\/es\/","logo":{"@type":"ImageObject","inLanguage":"es-ES","@id":"https:\/\/inbonis.com\/es\/#\/schema\/logo\/image\/","url":"https:\/\/inbonis.com\/wp-content\/uploads\/2025\/01\/INBONIS-RATING_LOGO_Square_AZUL.png","contentUrl":"https:\/\/inbonis.com\/wp-content\/uploads\/2025\/01\/INBONIS-RATING_LOGO_Square_AZUL.png","width":1080,"height":1080,"caption":"INBONIS RATING | The Credit Rating Agency for SME"},"image":{"@id":"https:\/\/inbonis.com\/es\/#\/schema\/logo\/image\/"},"sameAs":["https:\/\/x.com\/inbonis_rating","https:\/\/www.linkedin.com\/company\/inbonis","https:\/\/www.youtube.com\/@InbonisRating"]}]}},"_links":{"self":[{"href":"https:\/\/inbonis.com\/es\/wp-json\/wp\/v2\/pages\/1066","targetHints":{"allow":["GET"]}}],"collection":[{"href":"https:\/\/inbonis.com\/es\/wp-json\/wp\/v2\/pages"}],"about":[{"href":"https:\/\/inbonis.com\/es\/wp-json\/wp\/v2\/types\/page"}],"author":[{"embeddable":true,"href":"https:\/\/inbonis.com\/es\/wp-json\/wp\/v2\/users\/1"}],"replies":[{"embeddable":true,"href":"https:\/\/inbonis.com\/es\/wp-json\/wp\/v2\/comments?post=1066"}],"version-history":[{"count":3,"href":"https:\/\/inbonis.com\/es\/wp-json\/wp\/v2\/pages\/1066\/revisions"}],"predecessor-version":[{"id":5880,"href":"https:\/\/inbonis.com\/es\/wp-json\/wp\/v2\/pages\/1066\/revisions\/5880"}],"wp:attachment":[{"href":"https:\/\/inbonis.com\/es\/wp-json\/wp\/v2\/media?parent=1066"}],"curies":[{"name":"wp","href":"https:\/\/api.w.org\/{rel}","templated":true}]}}